{"id":14,"date":"2013-02-13T16:38:40","date_gmt":"2013-02-13T14:38:40","guid":{"rendered":"http:\/\/www.buettcher.de\/wp\/?page_id=14"},"modified":"2013-03-06T15:34:45","modified_gmt":"2013-03-06T13:34:45","slug":"physiotherapie-2","status":"publish","type":"page","link":"http:\/\/www.buettcher.de\/?page_id=14","title":{"rendered":"Physiotherapie"},"content":{"rendered":"<p>Die Physiotherapie orientiert sich bei der Behandlung an den Beschwerden und den Funktions-, Bewegungs- bzw. Aktivit\u00e4tseinschr\u00e4nkungen des Patienten, die bei der physiotherapeutischen Untersuchung festgestellt werden. Sie nutzt sowohl diagnostische und auf clinical reasoning basierende, wie auch p\u00e4dagogische und manuelle Kompetenzen des Therapeuten. Gegebenenfalls wird sie erg\u00e4nzt durch nat\u00fcrliche physikalische Reize (z.\u00a0B. W\u00e4rme, K\u00e4lte, Druck, Strahlung, Elektrizit\u00e4t) und f\u00f6rdert die Eigenaktivit\u00e4t (koordinierte Muskelaktivit\u00e4t sowie die bewusste Wahrnehmung) des Patienten. Die Behandlung ist an die anatomischen und physiologischen, motivationalen und kognitiven Gegebenheiten des Patienten angepasst. Dabei zielt die Behandlung einerseits auf nat\u00fcrliche, physiologische Reaktionen des Organismus (z.\u00a0B. Muskelaufbau und Stoffwechselanregung), andererseits auf ein verbessertes Verst\u00e4ndnis der Funktionsweise des Organismus (Dysfunktionen\/Ressourcen) und auf eigenverantwortlichen Umgang mit dem eigenen K\u00f6rper ab. Das Ziel ist die Wiederherstellung, Erhaltung oder F\u00f6rderung der Gesundheit und dabei sehr h\u00e4ufig die Schmerzfreiheit bzw. -reduktion.<\/p>\n","protected":false},"excerpt":{"rendered":"<p>Die Physiotherapie orientiert sich bei der Behandlung an den Beschwerden und den Funktions-, Bewegungs- bzw. Aktivit\u00e4tseinschr\u00e4nkungen des Patienten, die bei der physiotherapeutischen Untersuchung festgestellt werden. Sie nutzt sowohl diagnostische und auf clinical reasoning basierende, wie auch p\u00e4dagogische und manuelle Kompetenzen des Therapeuten. Gegebenenfalls wird sie erg\u00e4nzt durch nat\u00fcrliche physikalische Reize (z.\u00a0B. W\u00e4rme, K\u00e4lte, Druck, Strahlung, [&hellip;]<\/p>\n","protected":false},"author":1,"featured_media":0,"parent":0,"menu_order":0,"comment_status":"closed","ping_status":"closed","template":"","meta":[],"_links":{"self":[{"href":"http:\/\/www.buettcher.de\/index.php?rest_route=\/wp\/v2\/pages\/14"}],"collection":[{"href":"http:\/\/www.buettcher.de\/index.php?rest_route=\/wp\/v2\/pages"}],"about":[{"href":"http:\/\/www.buettcher.de\/index.php?rest_route=\/wp\/v2\/types\/page"}],"author":[{"embeddable":true,"href":"http:\/\/www.buettcher.de\/index.php?rest_route=\/wp\/v2\/users\/1"}],"replies":[{"embeddable":true,"href":"http:\/\/www.buettcher.de\/index.php?rest_route=%2Fwp%2Fv2%2Fcomments&post=14"}],"version-history":[{"count":3,"href":"http:\/\/www.buettcher.de\/index.php?rest_route=\/wp\/v2\/pages\/14\/revisions"}],"predecessor-version":[{"id":460,"href":"http:\/\/www.buettcher.de\/index.php?rest_route=\/wp\/v2\/pages\/14\/revisions\/460"}],"wp:attachment":[{"href":"http:\/\/www.buettcher.de\/index.php?rest_route=%2Fwp%2Fv2%2Fmedia&parent=14"}],"curies":[{"name":"wp","href":"https:\/\/api.w.org\/{rel}","templated":true}]}}