{"id":157,"date":"2013-02-13T16:38:19","date_gmt":"2013-02-13T14:38:19","guid":{"rendered":"http:\/\/www.buettcher.de\/wp\/?page_id=157"},"modified":"2013-02-13T16:38:19","modified_gmt":"2013-02-13T14:38:19","slug":"betriebliche-gesundheits-forderung","status":"publish","type":"page","link":"http:\/\/www.buettcher.de\/?page_id=157","title":{"rendered":"Betriebliche Gesundheits-F\u00f6rderung"},"content":{"rendered":"<p><span style=\"font-size: small;\">Unternehmer k\u00f6nnen einen entscheidenden Betrag zur Gesundheit\u00a0Ihrer Mitarbeiter leisten. Durch steigende Anforderungen\u00a0w\u00e4hrend der\u00a0Arbeit ist es wichtig, in die Gesundheit und Motivation der Mitarbeiter zu investieren. Eine Reduzierung\u00a0von Fehlzeiten und\u00a0Fluktuation f\u00fchren dadurch zu einer betriebichen Kostensenkung.<\/span><\/p>\n<p><span style=\"font-size: small;\">Wir unterst\u00fctzen &#8222;Gesundheit als Erfolgsfaktor&#8220; in Ihrem Unternehmen. Nehmen Sie <\/span><span style=\"font-size: small;\">Kontakt<\/span><span style=\"font-size: small;\"> mit uns auf.<\/span><\/p>\n<p>\u00dcbrigens\u00a0werden betriebliche Gesundheitsf\u00f6rderungen f\u00fcr Mitarbeiter steuerlich gef\u00f6rdert.<\/p>\n","protected":false},"excerpt":{"rendered":"<p>Unternehmer k\u00f6nnen einen entscheidenden Betrag zur Gesundheit\u00a0Ihrer Mitarbeiter leisten. Durch steigende Anforderungen\u00a0w\u00e4hrend der\u00a0Arbeit ist es wichtig, in die Gesundheit und Motivation der Mitarbeiter zu investieren. Eine Reduzierung\u00a0von Fehlzeiten und\u00a0Fluktuation f\u00fchren dadurch zu einer betriebichen Kostensenkung. Wir unterst\u00fctzen &#8222;Gesundheit als Erfolgsfaktor&#8220; in Ihrem Unternehmen. Nehmen Sie Kontakt mit uns auf. \u00dcbrigens\u00a0werden betriebliche Gesundheitsf\u00f6rderungen f\u00fcr Mitarbeiter steuerlich [&hellip;]<\/p>\n","protected":false},"author":1,"featured_media":0,"parent":0,"menu_order":0,"comment_status":"closed","ping_status":"closed","template":"","meta":[],"_links":{"self":[{"href":"http:\/\/www.buettcher.de\/index.php?rest_route=\/wp\/v2\/pages\/157"}],"collection":[{"href":"http:\/\/www.buettcher.de\/index.php?rest_route=\/wp\/v2\/pages"}],"about":[{"href":"http:\/\/www.buettcher.de\/index.php?rest_route=\/wp\/v2\/types\/page"}],"author":[{"embeddable":true,"href":"http:\/\/www.buettcher.de\/index.php?rest_route=\/wp\/v2\/users\/1"}],"replies":[{"embeddable":true,"href":"http:\/\/www.buettcher.de\/index.php?rest_route=%2Fwp%2Fv2%2Fcomments&post=157"}],"version-history":[{"count":2,"href":"http:\/\/www.buettcher.de\/index.php?rest_route=\/wp\/v2\/pages\/157\/revisions"}],"predecessor-version":[{"id":274,"href":"http:\/\/www.buettcher.de\/index.php?rest_route=\/wp\/v2\/pages\/157\/revisions\/274"}],"wp:attachment":[{"href":"http:\/\/www.buettcher.de\/index.php?rest_route=%2Fwp%2Fv2%2Fmedia&parent=157"}],"curies":[{"name":"wp","href":"https:\/\/api.w.org\/{rel}","templated":true}]}}