{"id":16,"date":"2013-02-13T16:38:40","date_gmt":"2013-02-13T14:38:40","guid":{"rendered":"http:\/\/www.buettcher.de\/wp\/?page_id=16"},"modified":"2013-03-03T21:46:36","modified_gmt":"2013-03-03T19:46:36","slug":"manuelle-therapie-fur-sauglinge-kinder-und-jugendliche","status":"publish","type":"page","link":"http:\/\/www.buettcher.de\/?page_id=16","title":{"rendered":"Manuelle Therapie f\u00fcr S\u00e4uglinge, Kinder und Jugendliche"},"content":{"rendered":"<h1>Manuelle Therapie f\u00fcr Kinder<\/h1>\n<p>Die <b>manualtherapeutische Behandlung von Kindern<\/b> erfolgt durch Therapeuten mit spezieller Fortbildung f\u00fcr diesen Bereich. Bei S\u00e4uglingen, Kindern und Jugendlichen kann die Manuelle Therapie beispielsweise bei der KISS, Haltungsschw\u00e4chen oder Skoliose -und gegebenenfalls in Kombination mit anderen physiotherapeutischen Methoden- sinnvoll sein.<\/p>\n<p>In der Manuellen Therapie werden reversible Funktionsst\u00f6rungen des Bewegungssystems untersucht und behandelt. Hierzu z\u00e4hlen beispielsweise Wirbels\u00e4ulenschmerzen im Hals-, Brust- und Lendenbereich, der Tennisellenbogen und funktionelle St\u00f6rungen wie manche Formen von Kopfschmerzen, Schwindelgef\u00fchl, Ohrensausen oder Atemst\u00f6rungen.<\/p>\n<p>Mittels genauer Untersuchungstechniken, die ausschlie\u00dflich mit den H\u00e4nden des Therapeuten durchgef\u00fchrt werden, differenziert der Manualtherapeut, ob ein Gelenk \u00fcber- oder unterbeweglich ist und welche Struktur f\u00fcr die Dysfunktion verantwortlich ist (Muskulatur, Knorpel, Band, Kapsel, Knochen oder Nervensystem).<\/p>\n<p>Abh\u00e4ngig vom Untersuchungsbefund k\u00f6nnen sowohl passive Techniken als auch aktive \u00dcbungen zum Einsatz kommen. In der Behandlung mobilisiert der Therapeut eingeschr\u00e4nkte bzw. blockierte Gelenke durch sanfte Techniken oder stabilisiert \u00fcberbewegliche, instabile Gelenke durch individuelle \u00dcbungen. Ziel der Manuellen Therapie ist es, das Zusammenspiel zwischen Gelenken, Nerven und Muskeln wieder herzustellen.<\/p>\n<p>Zus\u00e4tzlich werden folgende Therapien auch speziell f\u00fcr Kinder benutzt:<\/p>\n<p><a title=\"Manuelle Lymphdrainage\" href=\"http:\/\/www.buettcher.de\/wp\/?page_id=25\">Lymphdrainage<\/a><\/p>\n<p>&nbsp;<\/p>\n<p><a title=\"W\u00e4rmetherapie\" href=\"http:\/\/www.buettcher.de\/wp\/?page_id=31\">W\u00e4rmetherapie<\/a><\/p>\n<p>&nbsp;<\/p>\n<p>&nbsp;<\/p>\n<h2>Behandlungsbeispiele: S\u00e4uglinge und Kinder<\/h2>\n<table border=\"0\" align=\"center\">\n<tbody>\n<tr>\n<td><img decoding=\"async\" loading=\"lazy\" class=\"noborder  wp-image-124\" style=\"vertical-align: middle;\" alt=\"Atlas\" src=\"http:\/\/www.buettcher.de\/wp\/wp-content\/uploads\/2013\/01\/atlas2.png\" width=\"134\" height=\"135\" \/><\/td>\n<td>\n<h2>Atlasblockierung<\/h2>\n<\/td>\n<td>Entwichlungsverz\u00f6gerung von K\u00f6rper und Geist, Kiss-Kinder<\/td>\n<\/tr>\n<tr>\n<td><img decoding=\"async\" loading=\"lazy\" class=\"alignnone size-full wp-image-126\" style=\"vertical-align: middle;\" alt=\"schief\" src=\"http:\/\/www.buettcher.de\/wp\/wp-content\/uploads\/2013\/01\/schief.png\" width=\"134\" height=\"134\" \/><\/td>\n<td>\n<h2>Schiefhals<\/h2>\n<\/td>\n<td class=\"wpGallery\">Blockaden von Hals und Nacken, Spasmus, Geburtsverletzung<\/td>\n<\/tr>\n<tr>\n<td><img decoding=\"async\" loading=\"lazy\" class=\"alignnone size-full wp-image-124\" style=\"vertical-align: middle;\" alt=\"huft\" src=\"http:\/\/www.buettcher.de\/wp\/wp-content\/uploads\/2013\/01\/huft.png\" width=\"134\" height=\"135\" \/><\/td>\n<td>\n<h2>H\u00fcftdysplasie<\/h2>\n<\/td>\n<td class=\"wpGallery\">Rotationsanomalien, Bewegungseinschr\u00e4nkungender H\u00fcfte,\u00a0 Abspreizhemmung<\/td>\n<\/tr>\n<tr>\n<td><img decoding=\"async\" loading=\"lazy\" class=\"alignnone size-full wp-image-123\" style=\"vertical-align: middle;\" alt=\"fussfehl\" src=\"http:\/\/www.buettcher.de\/wp\/wp-content\/uploads\/2013\/01\/fussfehl.png\" width=\"134\" height=\"135\" \/><\/td>\n<td>\n<h2>Fussfehlstellungen<\/h2>\n<\/td>\n<td class=\"wpGallery\">Hohlfuss, Spitzfuss, Hackenfuss, Klumpfuss, Sichelfuss<\/td>\n<\/tr>\n<tr>\n<td><img decoding=\"async\" loading=\"lazy\" class=\"alignnone size-full wp-image-127\" style=\"vertical-align: middle;\" alt=\"wsaul\" src=\"http:\/\/www.buettcher.de\/wp\/wp-content\/uploads\/2013\/01\/wsaul.png\" width=\"134\" height=\"134\" \/><\/td>\n<td>\n<h2>Wirbels\u00e4ulen-<\/h2>\n<h2>erkrankung<\/h2>\n<\/td>\n<td class=\"wpGallery\">Angeborene Defekte(Scheuermann), erworbene Defekte, C-Skoliose, Asymetrien<\/td>\n<\/tr>\n<tr>\n<td><img decoding=\"async\" loading=\"lazy\" class=\"alignnone size-full wp-image-125\" style=\"vertical-align: middle;\" alt=\"kiefer\" src=\"http:\/\/www.buettcher.de\/wp\/wp-content\/uploads\/2013\/01\/kiefer.png\" width=\"134\" height=\"134\" \/><\/td>\n<td>\n<h2>Kiefergelenk-<\/h2>\n<h2>Probleme<\/h2>\n<\/td>\n<td class=\"wpGallery\">Unterbiss, \u00dcberbiss, Fehlbiss, Asymetrie, Nervenausf\u00e4lle, Muskelfunktionsst\u00f6rungen<\/td>\n<\/tr>\n<\/tbody>\n<\/table>\n<p>&nbsp;<\/p>\n<p>&nbsp;<\/p>\n<p>&nbsp;<\/p>\n","protected":false},"excerpt":{"rendered":"<p>Manuelle Therapie f\u00fcr Kinder Die manualtherapeutische Behandlung von Kindern erfolgt durch Therapeuten mit spezieller Fortbildung f\u00fcr diesen Bereich. Bei S\u00e4uglingen, Kindern und Jugendlichen kann die Manuelle Therapie beispielsweise bei der KISS, Haltungsschw\u00e4chen oder Skoliose -und gegebenenfalls in Kombination mit anderen physiotherapeutischen Methoden- sinnvoll sein. In der Manuellen Therapie werden reversible Funktionsst\u00f6rungen des Bewegungssystems untersucht und [&hellip;]<\/p>\n","protected":false},"author":1,"featured_media":0,"parent":0,"menu_order":0,"comment_status":"closed","ping_status":"closed","template":"","meta":[],"_links":{"self":[{"href":"http:\/\/www.buettcher.de\/index.php?rest_route=\/wp\/v2\/pages\/16"}],"collection":[{"href":"http:\/\/www.buettcher.de\/index.php?rest_route=\/wp\/v2\/pages"}],"about":[{"href":"http:\/\/www.buettcher.de\/index.php?rest_route=\/wp\/v2\/types\/page"}],"author":[{"embeddable":true,"href":"http:\/\/www.buettcher.de\/index.php?rest_route=\/wp\/v2\/users\/1"}],"replies":[{"embeddable":true,"href":"http:\/\/www.buettcher.de\/index.php?rest_route=%2Fwp%2Fv2%2Fcomments&post=16"}],"version-history":[{"count":74,"href":"http:\/\/www.buettcher.de\/index.php?rest_route=\/wp\/v2\/pages\/16\/revisions"}],"predecessor-version":[{"id":453,"href":"http:\/\/www.buettcher.de\/index.php?rest_route=\/wp\/v2\/pages\/16\/revisions\/453"}],"wp:attachment":[{"href":"http:\/\/www.buettcher.de\/index.php?rest_route=%2Fwp%2Fv2%2Fmedia&parent=16"}],"curies":[{"name":"wp","href":"https:\/\/api.w.org\/{rel}","templated":true}]}}