{"id":20,"date":"2013-02-13T16:38:41","date_gmt":"2013-02-13T14:38:41","guid":{"rendered":"http:\/\/www.buettcher.de\/wp\/?page_id=20"},"modified":"2013-02-13T16:38:41","modified_gmt":"2013-02-13T14:38:41","slug":"neurophysiologie","status":"publish","type":"page","link":"http:\/\/www.buettcher.de\/?page_id=20","title":{"rendered":"Neurophysiologie"},"content":{"rendered":"<p>Diese Konzepte finden bei neurologischen Krankheitsbildern des Erwachsenen Anwendung. Hierzu geh\u00f6ren etwa die Multiple Sklerose, Schlaganfall, Morbus Parkinson oder auch traumatisch verursachte Hirnfunktionsst\u00f6rungen oder Hirntumoren.<br \/>\nDie genannten Therapieformen haben zum Ziel, die gest\u00f6rte Spannung der Muskulatur (z.B. Spastik oder schlaffe L\u00e4hmung) zu optimieren. Das Verbessern bzw. Erhalten von Alltagsfunktionen durch Bahnung \u00f6konomischer und koordinierter Bewegungsabl\u00e4ufe steht im Vordergrund<\/p>\n","protected":false},"excerpt":{"rendered":"<p>Diese Konzepte finden bei neurologischen Krankheitsbildern des Erwachsenen Anwendung. Hierzu geh\u00f6ren etwa die Multiple Sklerose, Schlaganfall, Morbus Parkinson oder auch traumatisch verursachte Hirnfunktionsst\u00f6rungen oder Hirntumoren. Die genannten Therapieformen haben zum Ziel, die gest\u00f6rte Spannung der Muskulatur (z.B. Spastik oder schlaffe L\u00e4hmung) zu optimieren. Das Verbessern bzw. Erhalten von Alltagsfunktionen durch Bahnung \u00f6konomischer und koordinierter Bewegungsabl\u00e4ufe [&hellip;]<\/p>\n","protected":false},"author":1,"featured_media":0,"parent":0,"menu_order":3,"comment_status":"closed","ping_status":"closed","template":"","meta":[],"_links":{"self":[{"href":"http:\/\/www.buettcher.de\/index.php?rest_route=\/wp\/v2\/pages\/20"}],"collection":[{"href":"http:\/\/www.buettcher.de\/index.php?rest_route=\/wp\/v2\/pages"}],"about":[{"href":"http:\/\/www.buettcher.de\/index.php?rest_route=\/wp\/v2\/types\/page"}],"author":[{"embeddable":true,"href":"http:\/\/www.buettcher.de\/index.php?rest_route=\/wp\/v2\/users\/1"}],"replies":[{"embeddable":true,"href":"http:\/\/www.buettcher.de\/index.php?rest_route=%2Fwp%2Fv2%2Fcomments&post=20"}],"version-history":[{"count":2,"href":"http:\/\/www.buettcher.de\/index.php?rest_route=\/wp\/v2\/pages\/20\/revisions"}],"predecessor-version":[{"id":311,"href":"http:\/\/www.buettcher.de\/index.php?rest_route=\/wp\/v2\/pages\/20\/revisions\/311"}],"wp:attachment":[{"href":"http:\/\/www.buettcher.de\/index.php?rest_route=%2Fwp%2Fv2%2Fmedia&parent=20"}],"curies":[{"name":"wp","href":"https:\/\/api.w.org\/{rel}","templated":true}]}}