{"id":22,"date":"2013-02-13T16:37:57","date_gmt":"2013-02-13T14:37:57","guid":{"rendered":"http:\/\/www.buettcher.de\/wp\/?page_id=22"},"modified":"2013-02-13T16:38:19","modified_gmt":"2013-02-13T14:38:19","slug":"krankengymnastik","status":"publish","type":"page","link":"http:\/\/www.buettcher.de\/?page_id=22","title":{"rendered":"Krankengymnastik"},"content":{"rendered":"<p>Die ger\u00e4tegest\u00fctze Krankengymnastik ist ein unverzichtbarer Bestandteil der Rehabilitation nach Gelenkverletzungen, Knochenbr\u00fcchen und Operationen. Der Physiotherapeut kann hier die motorische Kontrolle und Stabilit\u00e4t ebenso zielgerichtet und individuell ein\u00fcben wie die Kraft und Ausdauer. Die guten M\u00f6glichkeiten, dreidimensional und mit angepassten Gewichten gem\u00e4\u00df der Alltagsbelastung des Patienten zu arbeiten, wirken positiv auf den Heilungsprozess.<\/p>\n","protected":false},"excerpt":{"rendered":"<p>Die ger\u00e4tegest\u00fctze Krankengymnastik ist ein unverzichtbarer Bestandteil der Rehabilitation nach Gelenkverletzungen, Knochenbr\u00fcchen und Operationen. Der Physiotherapeut kann hier die motorische Kontrolle und Stabilit\u00e4t ebenso zielgerichtet und individuell ein\u00fcben wie die Kraft und Ausdauer. Die guten M\u00f6glichkeiten, dreidimensional und mit angepassten Gewichten gem\u00e4\u00df der Alltagsbelastung des Patienten zu arbeiten, wirken positiv auf den Heilungsprozess.<\/p>\n","protected":false},"author":1,"featured_media":0,"parent":2,"menu_order":5,"comment_status":"closed","ping_status":"closed","template":"","meta":[],"_links":{"self":[{"href":"http:\/\/www.buettcher.de\/index.php?rest_route=\/wp\/v2\/pages\/22"}],"collection":[{"href":"http:\/\/www.buettcher.de\/index.php?rest_route=\/wp\/v2\/pages"}],"about":[{"href":"http:\/\/www.buettcher.de\/index.php?rest_route=\/wp\/v2\/types\/page"}],"author":[{"embeddable":true,"href":"http:\/\/www.buettcher.de\/index.php?rest_route=\/wp\/v2\/users\/1"}],"replies":[{"embeddable":true,"href":"http:\/\/www.buettcher.de\/index.php?rest_route=%2Fwp%2Fv2%2Fcomments&post=22"}],"version-history":[{"count":3,"href":"http:\/\/www.buettcher.de\/index.php?rest_route=\/wp\/v2\/pages\/22\/revisions"}],"predecessor-version":[{"id":273,"href":"http:\/\/www.buettcher.de\/index.php?rest_route=\/wp\/v2\/pages\/22\/revisions\/273"}],"up":[{"embeddable":true,"href":"http:\/\/www.buettcher.de\/index.php?rest_route=\/wp\/v2\/pages\/2"}],"wp:attachment":[{"href":"http:\/\/www.buettcher.de\/index.php?rest_route=%2Fwp%2Fv2%2Fmedia&parent=22"}],"curies":[{"name":"wp","href":"https:\/\/api.w.org\/{rel}","templated":true}]}}