{"id":24,"date":"2013-02-13T16:38:40","date_gmt":"2013-02-13T14:38:40","guid":{"rendered":"http:\/\/www.buettcher.de\/wp\/?page_id=24"},"modified":"2013-03-03T19:35:54","modified_gmt":"2013-03-03T17:35:54","slug":"krankengymnastik-am-gerat-kgg","status":"publish","type":"page","link":"http:\/\/www.buettcher.de\/?page_id=24","title":{"rendered":"Krankengymnastik am Ger\u00e4t (KGG)"},"content":{"rendered":"<div>\n<div>\n<p>In der Krankengymnastik am Ger\u00e4t (KGG) werden unter Einbezug der Traininglehre an speziellen Rehabilitationsger\u00e4ten Verbesserungen der Muskelfunktionen unter Einschluss des zugeh\u00f6rigen Gelenk- und St\u00fctzgewebes erreicht.<\/p>\n<p>Nach einer ausf\u00fchrlichen Analyse erstellt ein Physiotherapeut einen individuellen Trainingsplan unter medizinischen Gesichtspunkten.\u00a0Ziel ist es Kraft, Koordination, Ausdauer und Flexibilit\u00e4t des Trainierenden zu verbessern.<\/p>\n<p>KGG kommt zum Einsatz\u00a0nach Operationen, Verletzungen oder chronischen Beschwerden. Der Patient erreicht durch das gezielte Training eine normale Beweglichkeit und Belastbarkeit der betroffenen Strukturen. Er kann seinen Alltag wieder beschwerdefreier gestalten.<\/p>\n<\/div>\n<\/div>\n","protected":false},"excerpt":{"rendered":"<p>In der Krankengymnastik am Ger\u00e4t (KGG) werden unter Einbezug der Traininglehre an speziellen Rehabilitationsger\u00e4ten Verbesserungen der Muskelfunktionen unter Einschluss des zugeh\u00f6rigen Gelenk- und St\u00fctzgewebes erreicht. Nach einer ausf\u00fchrlichen Analyse erstellt ein Physiotherapeut einen individuellen Trainingsplan unter medizinischen Gesichtspunkten.\u00a0Ziel ist es Kraft, Koordination, Ausdauer und Flexibilit\u00e4t des Trainierenden zu verbessern. KGG kommt zum Einsatz\u00a0nach Operationen, Verletzungen [&hellip;]<\/p>\n","protected":false},"author":1,"featured_media":0,"parent":0,"menu_order":0,"comment_status":"closed","ping_status":"closed","template":"","meta":[],"_links":{"self":[{"href":"http:\/\/www.buettcher.de\/index.php?rest_route=\/wp\/v2\/pages\/24"}],"collection":[{"href":"http:\/\/www.buettcher.de\/index.php?rest_route=\/wp\/v2\/pages"}],"about":[{"href":"http:\/\/www.buettcher.de\/index.php?rest_route=\/wp\/v2\/types\/page"}],"author":[{"embeddable":true,"href":"http:\/\/www.buettcher.de\/index.php?rest_route=\/wp\/v2\/users\/1"}],"replies":[{"embeddable":true,"href":"http:\/\/www.buettcher.de\/index.php?rest_route=%2Fwp%2Fv2%2Fcomments&post=24"}],"version-history":[{"count":2,"href":"http:\/\/www.buettcher.de\/index.php?rest_route=\/wp\/v2\/pages\/24\/revisions"}],"predecessor-version":[{"id":447,"href":"http:\/\/www.buettcher.de\/index.php?rest_route=\/wp\/v2\/pages\/24\/revisions\/447"}],"wp:attachment":[{"href":"http:\/\/www.buettcher.de\/index.php?rest_route=%2Fwp%2Fv2%2Fmedia&parent=24"}],"curies":[{"name":"wp","href":"https:\/\/api.w.org\/{rel}","templated":true}]}}