{"id":25,"date":"2013-02-13T16:38:40","date_gmt":"2013-02-13T14:38:40","guid":{"rendered":"http:\/\/www.buettcher.de\/wp\/?page_id=25"},"modified":"2013-02-13T16:38:40","modified_gmt":"2013-02-13T14:38:40","slug":"manuelle-lymphdrainage","status":"publish","type":"page","link":"http:\/\/www.buettcher.de\/?page_id=25","title":{"rendered":"Manuelle Lymphdrainage"},"content":{"rendered":"<p>Die <b>manuelle Lymphdrainage<\/b> ist eine Form der physiotherapeutischen Therapien. Ihre Anwendungsgebiete sind breit gef\u00e4chert. Sie dient vor allem als \u00d6dem- und Entstauungstherapie \u00f6demat\u00f6ser K\u00f6rperregionen, wie K\u00f6rperstamm und Extremit\u00e4ten (Arme und Beine), welche nach Traumata oder Operationen entstehen k\u00f6nnen. Besonders h\u00e4ufig wird diese Therapie nach einer Tumorbehandlung bzw. Lymphknotenentfernung verschrieben.<\/p>\n","protected":false},"excerpt":{"rendered":"<p>Die manuelle Lymphdrainage ist eine Form der physiotherapeutischen Therapien. Ihre Anwendungsgebiete sind breit gef\u00e4chert. Sie dient vor allem als \u00d6dem- und Entstauungstherapie \u00f6demat\u00f6ser K\u00f6rperregionen, wie K\u00f6rperstamm und Extremit\u00e4ten (Arme und Beine), welche nach Traumata oder Operationen entstehen k\u00f6nnen. Besonders h\u00e4ufig wird diese Therapie nach einer Tumorbehandlung bzw. Lymphknotenentfernung verschrieben.<\/p>\n","protected":false},"author":1,"featured_media":0,"parent":0,"menu_order":0,"comment_status":"closed","ping_status":"closed","template":"","meta":[],"_links":{"self":[{"href":"http:\/\/www.buettcher.de\/index.php?rest_route=\/wp\/v2\/pages\/25"}],"collection":[{"href":"http:\/\/www.buettcher.de\/index.php?rest_route=\/wp\/v2\/pages"}],"about":[{"href":"http:\/\/www.buettcher.de\/index.php?rest_route=\/wp\/v2\/types\/page"}],"author":[{"embeddable":true,"href":"http:\/\/www.buettcher.de\/index.php?rest_route=\/wp\/v2\/users\/1"}],"replies":[{"embeddable":true,"href":"http:\/\/www.buettcher.de\/index.php?rest_route=%2Fwp%2Fv2%2Fcomments&post=25"}],"version-history":[{"count":2,"href":"http:\/\/www.buettcher.de\/index.php?rest_route=\/wp\/v2\/pages\/25\/revisions"}],"predecessor-version":[{"id":294,"href":"http:\/\/www.buettcher.de\/index.php?rest_route=\/wp\/v2\/pages\/25\/revisions\/294"}],"wp:attachment":[{"href":"http:\/\/www.buettcher.de\/index.php?rest_route=%2Fwp%2Fv2%2Fmedia&parent=25"}],"curies":[{"name":"wp","href":"https:\/\/api.w.org\/{rel}","templated":true}]}}