{"id":31,"date":"2013-02-13T16:38:41","date_gmt":"2013-02-13T14:38:41","guid":{"rendered":"http:\/\/www.buettcher.de\/wp\/?page_id=31"},"modified":"2013-02-13T16:38:41","modified_gmt":"2013-02-13T14:38:41","slug":"warmetherapie","status":"publish","type":"page","link":"http:\/\/www.buettcher.de\/?page_id=31","title":{"rendered":"W\u00e4rmetherapie"},"content":{"rendered":"<div id=\"contentspalte_2\">\n<p>W\u00e4rme hat vielseitige Wirkungen auf den K\u00f6rper. Zur Steigerung der Abwehrkr\u00e4fte, Muskelentspannung und Schmerzlinderung ist W\u00e4rme ein sehr wirksames Mittel.<\/p>\n<p>W\u00e4rmepackungen regen nicht nur den Stoffwechsel und die Durchblutung an, ihre heilsamen Wirkungen dringen bis in die tiefsten Muskelschichten.<\/p>\n<p>Durch die Eigenschaft des Moors, gespeicherte W\u00e4rme daf\u00fcr intensiver abzugeben, werden schlecht durchblutete K\u00f6rperteile wesentlich st\u00e4rker erw\u00e4rmt.<\/p>\n<ul>\n<li>Fangopackungen und Moorpackungen<\/li>\n<li>Hei\u00dfe Rolle<\/li>\n<li>Hei\u00dfluft<\/li>\n<li>Ultraschall\/Tiefenw\u00e4rme<\/li>\n<\/ul>\n<\/div>\n","protected":false},"excerpt":{"rendered":"<p>W\u00e4rme hat vielseitige Wirkungen auf den K\u00f6rper. Zur Steigerung der Abwehrkr\u00e4fte, Muskelentspannung und Schmerzlinderung ist W\u00e4rme ein sehr wirksames Mittel. W\u00e4rmepackungen regen nicht nur den Stoffwechsel und die Durchblutung an, ihre heilsamen Wirkungen dringen bis in die tiefsten Muskelschichten. Durch die Eigenschaft des Moors, gespeicherte W\u00e4rme daf\u00fcr intensiver abzugeben, werden schlecht durchblutete K\u00f6rperteile wesentlich st\u00e4rker [&hellip;]<\/p>\n","protected":false},"author":1,"featured_media":0,"parent":0,"menu_order":0,"comment_status":"closed","ping_status":"closed","template":"","meta":[],"_links":{"self":[{"href":"http:\/\/www.buettcher.de\/index.php?rest_route=\/wp\/v2\/pages\/31"}],"collection":[{"href":"http:\/\/www.buettcher.de\/index.php?rest_route=\/wp\/v2\/pages"}],"about":[{"href":"http:\/\/www.buettcher.de\/index.php?rest_route=\/wp\/v2\/types\/page"}],"author":[{"embeddable":true,"href":"http:\/\/www.buettcher.de\/index.php?rest_route=\/wp\/v2\/users\/1"}],"replies":[{"embeddable":true,"href":"http:\/\/www.buettcher.de\/index.php?rest_route=%2Fwp%2Fv2%2Fcomments&post=31"}],"version-history":[{"count":2,"href":"http:\/\/www.buettcher.de\/index.php?rest_route=\/wp\/v2\/pages\/31\/revisions"}],"predecessor-version":[{"id":307,"href":"http:\/\/www.buettcher.de\/index.php?rest_route=\/wp\/v2\/pages\/31\/revisions\/307"}],"wp:attachment":[{"href":"http:\/\/www.buettcher.de\/index.php?rest_route=%2Fwp%2Fv2%2Fmedia&parent=31"}],"curies":[{"name":"wp","href":"https:\/\/api.w.org\/{rel}","templated":true}]}}