{"id":33,"date":"2013-02-13T16:38:19","date_gmt":"2013-02-13T14:38:19","guid":{"rendered":"http:\/\/www.buettcher.de\/wp\/?page_id=33"},"modified":"2013-02-13T16:38:19","modified_gmt":"2013-02-13T14:38:19","slug":"elektrotherapie","status":"publish","type":"page","link":"http:\/\/www.buettcher.de\/?page_id=33","title":{"rendered":"Elektrotherapie"},"content":{"rendered":"<p>Elektrotherapie wird meist erg\u00e4nzend als optionales Heilmittel neben dem prim\u00e4ren Heilmittel \u201cKrankengymnastik\u201d oder \u201cmanuelle Therapie\u201d, angewandt. Man nutzt verschiedene Stromformen in den<\/p>\n<p><strong>Einsatzbereichen:<\/strong><br \/>\nSchmerzlinderung, Abschwellung, Durchblutungsf\u00f6rderung, nach Nervenverletzungen mit daraus folgenden Muskelschw\u00e4chen oder -L\u00e4hmungen, bei postoperativer Immobilit\u00e4t zur Muskelkrafterhaltung.<\/p>\n<h1>Iontophorese<\/h1>\n<p>Bei der Iontophorese handelt es sich um eine Behandlungsform der Schmerztherapie. Die Wirkstoffe werden dabei auf die Haut aufgebracht und mittels schwacher elektrischer Str\u00f6me in das darunterliegende Gewebe transportiert. Die Iontophorese wird haupts\u00e4chlich bei der Schmerztherapie eingesetzt.<\/p>\n<h1>Ultraschall<\/h1>\n<p>Schallwellentherapie zur Schmerzlinderung und Tiefenw\u00e4rme\u00adbehandlung.<\/p>\n","protected":false},"excerpt":{"rendered":"<p>Elektrotherapie wird meist erg\u00e4nzend als optionales Heilmittel neben dem prim\u00e4ren Heilmittel \u201cKrankengymnastik\u201d oder \u201cmanuelle Therapie\u201d, angewandt. Man nutzt verschiedene Stromformen in den Einsatzbereichen: Schmerzlinderung, Abschwellung, Durchblutungsf\u00f6rderung, nach Nervenverletzungen mit daraus folgenden Muskelschw\u00e4chen oder -L\u00e4hmungen, bei postoperativer Immobilit\u00e4t zur Muskelkrafterhaltung. Iontophorese Bei der Iontophorese handelt es sich um eine Behandlungsform der Schmerztherapie. Die Wirkstoffe werden dabei [&hellip;]<\/p>\n","protected":false},"author":1,"featured_media":0,"parent":0,"menu_order":0,"comment_status":"closed","ping_status":"closed","template":"","meta":[],"_links":{"self":[{"href":"http:\/\/www.buettcher.de\/index.php?rest_route=\/wp\/v2\/pages\/33"}],"collection":[{"href":"http:\/\/www.buettcher.de\/index.php?rest_route=\/wp\/v2\/pages"}],"about":[{"href":"http:\/\/www.buettcher.de\/index.php?rest_route=\/wp\/v2\/types\/page"}],"author":[{"embeddable":true,"href":"http:\/\/www.buettcher.de\/index.php?rest_route=\/wp\/v2\/users\/1"}],"replies":[{"embeddable":true,"href":"http:\/\/www.buettcher.de\/index.php?rest_route=%2Fwp%2Fv2%2Fcomments&post=33"}],"version-history":[{"count":2,"href":"http:\/\/www.buettcher.de\/index.php?rest_route=\/wp\/v2\/pages\/33\/revisions"}],"predecessor-version":[{"id":278,"href":"http:\/\/www.buettcher.de\/index.php?rest_route=\/wp\/v2\/pages\/33\/revisions\/278"}],"wp:attachment":[{"href":"http:\/\/www.buettcher.de\/index.php?rest_route=%2Fwp%2Fv2%2Fmedia&parent=33"}],"curies":[{"name":"wp","href":"https:\/\/api.w.org\/{rel}","templated":true}]}}