{"id":35,"date":"2013-02-13T16:38:20","date_gmt":"2013-02-13T14:38:20","guid":{"rendered":"http:\/\/www.buettcher.de\/wp\/?page_id=35"},"modified":"2013-02-13T16:38:20","modified_gmt":"2013-02-13T14:38:20","slug":"kaltetherapie","status":"publish","type":"page","link":"http:\/\/www.buettcher.de\/?page_id=35","title":{"rendered":"K\u00e4ltetherapie"},"content":{"rendered":"<h1>K\u00e4ltebehandlungen \/ K\u00e4ltetherapien<\/h1>\n<p>sind unterst\u00fctzende und vorbereitende Ma\u00dfnahmen f\u00fcr die physiotherapeutische Behandlung.<\/p>\n<p>(physikalisch: W\u00e4rmeentzug) d\u00e4mpft Entz\u00fcndungen aller Art, weil durch eine verringerte K\u00f6rpertemperatur die Aktivit\u00e4t der Entz\u00fcndungsmediatoren gehemmt wird. Der Fl\u00fcssigkeitsaustritt aus Blut- und Lymphgef\u00e4\u00dfen verringert sich bei K\u00e4lte, die Gef\u00e4\u00dfe verengen sich und die Haut wird sp\u00e4rlicher durchblutet. Weil die Reflexe des Nervensystems generell herabgesetzt sind, nimmt auch die Schmerzempfindung unter der Haut, beispielsweise in den Gelenken und Muskeln ab. Kurzzeitig regen K\u00e4ltereize die Muskelaktivit\u00e4t an, die Muskelspannung steigt. Wof\u00fcr die K\u00e4ltetherapie empfohlen ist.<\/p>\n","protected":false},"excerpt":{"rendered":"<p>K\u00e4ltebehandlungen \/ K\u00e4ltetherapien sind unterst\u00fctzende und vorbereitende Ma\u00dfnahmen f\u00fcr die physiotherapeutische Behandlung. (physikalisch: W\u00e4rmeentzug) d\u00e4mpft Entz\u00fcndungen aller Art, weil durch eine verringerte K\u00f6rpertemperatur die Aktivit\u00e4t der Entz\u00fcndungsmediatoren gehemmt wird. Der Fl\u00fcssigkeitsaustritt aus Blut- und Lymphgef\u00e4\u00dfen verringert sich bei K\u00e4lte, die Gef\u00e4\u00dfe verengen sich und die Haut wird sp\u00e4rlicher durchblutet. Weil die Reflexe des Nervensystems generell [&hellip;]<\/p>\n","protected":false},"author":1,"featured_media":0,"parent":0,"menu_order":0,"comment_status":"closed","ping_status":"closed","template":"","meta":[],"_links":{"self":[{"href":"http:\/\/www.buettcher.de\/index.php?rest_route=\/wp\/v2\/pages\/35"}],"collection":[{"href":"http:\/\/www.buettcher.de\/index.php?rest_route=\/wp\/v2\/pages"}],"about":[{"href":"http:\/\/www.buettcher.de\/index.php?rest_route=\/wp\/v2\/types\/page"}],"author":[{"embeddable":true,"href":"http:\/\/www.buettcher.de\/index.php?rest_route=\/wp\/v2\/users\/1"}],"replies":[{"embeddable":true,"href":"http:\/\/www.buettcher.de\/index.php?rest_route=%2Fwp%2Fv2%2Fcomments&post=35"}],"version-history":[{"count":2,"href":"http:\/\/www.buettcher.de\/index.php?rest_route=\/wp\/v2\/pages\/35\/revisions"}],"predecessor-version":[{"id":286,"href":"http:\/\/www.buettcher.de\/index.php?rest_route=\/wp\/v2\/pages\/35\/revisions\/286"}],"wp:attachment":[{"href":"http:\/\/www.buettcher.de\/index.php?rest_route=%2Fwp%2Fv2%2Fmedia&parent=35"}],"curies":[{"name":"wp","href":"https:\/\/api.w.org\/{rel}","templated":true}]}}