{"id":454,"date":"2013-03-06T13:41:20","date_gmt":"2013-03-06T11:41:20","guid":{"rendered":"http:\/\/www.buettcher.de\/?page_id=454"},"modified":"2023-03-17T17:27:00","modified_gmt":"2023-03-17T15:27:00","slug":"impressum","status":"publish","type":"page","link":"http:\/\/www.buettcher.de\/?page_id=454","title":{"rendered":"Impressum"},"content":{"rendered":"<p><b><span style=\"font-family: Verdana; font-size: small;\">Pflichtangaben nach \u00a75 TeleMedienGesetz (TMG)<\/span><\/b><span style=\"font-size: small;\"><br \/>\nGemeinschaftspraxis f\u00fcr Physiotherapie B\u00fcttcher<br \/>\nAm Tobel 14<br \/>\n88263 Horgenzell <\/span><\/p>\n<p><span style=\"font-size: small;\">Telefon: 07504\/1273<br \/>\nE-Mail: anmeldung@buettcher.de<br \/>\n<\/span><span style=\"font-size: small;\">Internet: www.buettcher.de<\/span><\/p>\n<p><span style=\"font-size: small;\"><b>Berufsbezeichnung:<\/b><br \/>\nStaatlich anerkannter Physiotherapeut <\/span><\/p>\n<p><span style=\"font-size: small;\"><b>Berufsverband:<br \/>\n<\/b>Deutscher Verband f\u00fcr Physiotherapie &#8211; Zentralverband der Physiotherapeuten\/ Krankengymnasten (ZVK) e. V.<br \/>\nDeutzer Freiheit 72-74<br \/>\n50679 K\u00f6ln<br \/>\nInternet: <a href=\"http:\/\/www.zvk.org\"> www.zvk.org<\/a><\/span><\/p>\n<p><span style=\"font-family: Verdana; font-size: small;\"><b>Haftungsausschluss (Disclaimer):<\/b><br \/>\n<\/span><span style=\"font-family: Verdana; font-size: small;\">Die ver\u00f6ffentlichten Informationen auf dieser Website wurden nach bestem Wissen und mit \u00e4u\u00dferster Sorgfalt erstellt, sind jedoch rechtlich unverbindlich. Eine Gew\u00e4hr f\u00fcr die Aktualit\u00e4t, Richtigkeit und Vollst\u00e4ndigkeit der auf der Website ver\u00f6ffentlichten Informationen und Verweise kann nicht \u00fcbernommen werden. Jedwede Haftung f\u00fcr Sch\u00e4den, die durch die Nutzung dieser Website entstehen, wird ausgeschlossen. Trotz sorgf\u00e4ltiger inhaltlicher Kontrolle \u00fcbernehmen wir keine Haftung f\u00fcr die Inhalte externer Links. Der Inhalt der verlinkten Seiten stellt ausschlie\u00dflich die Meinung der jeweiligen Anbieter dar. F\u00fcr die verlinkten Seiten und deren Inhalt sind ausschlie\u00dflich deren Betreiber verantwortlich.<\/span><\/p>\n<p><b>Datenschutzerkl\u00e4rung:<\/b><br \/>\nDen Schutz Ihrer pers\u00f6nlichen Daten nehmen wir ernst, auch anl\u00e4sslich Ihres Besuches auf unserer Homepage. Ihre Daten werden gesch\u00fctzt, wie es die gesetzlichen Vorschriften, insbesondere das neue Telemediengesetz vorsehen.<br \/>\n<i>1. Gespeicherte\u00a0Daten<br \/>\n<\/i>Unvermeidlich ist, dass in den Serverstatistiken automatisch solche Daten gespeichert werden, die Ihr Browser uns \u00fcbermittelt. Diese Speicherung dient lediglich internen systembezogenen und statistischen Zwecken. Weitergehende personenbezogene Daten werden nur erfasst, wenn Sie diese Angaben freiwillig, etwa im Rahmen einer Anfrage und der Registrierung, machen. Die oben genannten Daten sind f\u00fcr uns in der Regel nicht bestimmten Personen zuordenbar, eine Zusammenf\u00fchrung dieser Daten mit anderen Datenquellen wird nicht vorgenommen.<br \/>\n<i>2. Nutzung und Weitergabe personenbezogener Daten<br \/>\n<\/i>Soweit Sie uns personenbezogene Daten zur Verf\u00fcgung gestellt haben, verwenden wir diese nur zur Beantwortung Ihrer Anfragen, zur Abwicklung mit uns geschlossener Vertr\u00e4ge und f\u00fcr die technische Administration. Ihre personenbezogenen Daten werden an Dritte nur weitergegeben oder sonst \u00fcbermittelt, wenn dies zum Zwecke der Vertragsabwicklung oder der Abrechnung erforderlich ist oder Sie zuvor eingewilligt haben. Sie haben das Recht, eine erteilte Einwilligung mit\u00a0Wirkung f\u00fcr die Zukunft jederzeit zu widerrufen.\u00a0Die L\u00f6schung der gespeicherten personenbezogenen Daten erfolgt, wenn Sie Ihre Einwilligung zur Speicherung widerrufen, wenn Ihre Kenntnis zur Erf\u00fcllung des mit der Speicherung verfolgten Zwecks nicht mehr erforderlich ist oder wenn Ihre Speicherung aus sonstigen gesetzlichen Gr\u00fcnden unzul\u00e4ssig ist.<br \/>\n<i>3. Auskunftsrecht<br \/>\n<\/i>Gern geben wir Ihnen Auskunft \u00fcber die bei uns gespeicherten pers\u00f6nlichen Daten.\u00a0Wenn\u00a0Sie Fragen zur Behandlung Ihrer Daten haben, gen\u00fcgt eine Email.<\/p>\n","protected":false},"excerpt":{"rendered":"<p>Pflichtangaben nach \u00a75 TeleMedienGesetz (TMG) Gemeinschaftspraxis f\u00fcr Physiotherapie B\u00fcttcher Am Tobel 14 88263 Horgenzell Telefon: 07504\/1273 E-Mail: anmeldung@buettcher.de Internet: www.buettcher.de Berufsbezeichnung: Staatlich anerkannter Physiotherapeut Berufsverband: Deutscher Verband f\u00fcr Physiotherapie &#8211; Zentralverband der Physiotherapeuten\/ Krankengymnasten (ZVK) e. V. Deutzer Freiheit 72-74 50679 K\u00f6ln Internet: www.zvk.org Haftungsausschluss (Disclaimer): Die ver\u00f6ffentlichten Informationen auf dieser Website wurden nach bestem [&hellip;]<\/p>\n","protected":false},"author":1,"featured_media":0,"parent":0,"menu_order":0,"comment_status":"closed","ping_status":"closed","template":"","meta":[],"_links":{"self":[{"href":"http:\/\/www.buettcher.de\/index.php?rest_route=\/wp\/v2\/pages\/454"}],"collection":[{"href":"http:\/\/www.buettcher.de\/index.php?rest_route=\/wp\/v2\/pages"}],"about":[{"href":"http:\/\/www.buettcher.de\/index.php?rest_route=\/wp\/v2\/types\/page"}],"author":[{"embeddable":true,"href":"http:\/\/www.buettcher.de\/index.php?rest_route=\/wp\/v2\/users\/1"}],"replies":[{"embeddable":true,"href":"http:\/\/www.buettcher.de\/index.php?rest_route=%2Fwp%2Fv2%2Fcomments&post=454"}],"version-history":[{"count":6,"href":"http:\/\/www.buettcher.de\/index.php?rest_route=\/wp\/v2\/pages\/454\/revisions"}],"predecessor-version":[{"id":582,"href":"http:\/\/www.buettcher.de\/index.php?rest_route=\/wp\/v2\/pages\/454\/revisions\/582"}],"wp:attachment":[{"href":"http:\/\/www.buettcher.de\/index.php?rest_route=%2Fwp%2Fv2%2Fmedia&parent=454"}],"curies":[{"name":"wp","href":"https:\/\/api.w.org\/{rel}","templated":true}]}}