{"id":53,"date":"2013-02-13T16:38:40","date_gmt":"2013-02-13T14:38:40","guid":{"rendered":"http:\/\/www.buettcher.de\/wp\/?page_id=53"},"modified":"2013-02-13T16:38:40","modified_gmt":"2013-02-13T14:38:40","slug":"sportphysiotherapie","status":"publish","type":"page","link":"http:\/\/www.buettcher.de\/?page_id=53","title":{"rendered":"Sportphysiotherapie"},"content":{"rendered":"<p><i>Ein Sportphysiotherapeut ist ein anerkannter Spezialist, der unter Einhaltung eines hohen professionellen sowie ethischen Standards gegen\u00fcber Athleten aller Altersgruppen und Leistungsniveaus fortgeschrittene Kompetenzen zur Sicherstellung der Teilnahme an sportlicher Aktivit\u00e4t zeigt, Hinweise und Bewegungskorrekturen erteilt sowie Rehabilitations- und Trainingsinterventionen zur Verletzungspr\u00e4vention, zur Wiederherstellung optimaler Funktionen und zur F\u00f6rderung der sportlichen Leistung vornimmt und bed\u00fcrfnisgerecht anpasst.<\/i><\/p>\n","protected":false},"excerpt":{"rendered":"<p>Ein Sportphysiotherapeut ist ein anerkannter Spezialist, der unter Einhaltung eines hohen professionellen sowie ethischen Standards gegen\u00fcber Athleten aller Altersgruppen und Leistungsniveaus fortgeschrittene Kompetenzen zur Sicherstellung der Teilnahme an sportlicher Aktivit\u00e4t zeigt, Hinweise und Bewegungskorrekturen erteilt sowie Rehabilitations- und Trainingsinterventionen zur Verletzungspr\u00e4vention, zur Wiederherstellung optimaler Funktionen und zur F\u00f6rderung der sportlichen Leistung vornimmt und bed\u00fcrfnisgerecht anpasst.<\/p>\n","protected":false},"author":1,"featured_media":0,"parent":0,"menu_order":0,"comment_status":"closed","ping_status":"closed","template":"","meta":[],"_links":{"self":[{"href":"http:\/\/www.buettcher.de\/index.php?rest_route=\/wp\/v2\/pages\/53"}],"collection":[{"href":"http:\/\/www.buettcher.de\/index.php?rest_route=\/wp\/v2\/pages"}],"about":[{"href":"http:\/\/www.buettcher.de\/index.php?rest_route=\/wp\/v2\/types\/page"}],"author":[{"embeddable":true,"href":"http:\/\/www.buettcher.de\/index.php?rest_route=\/wp\/v2\/users\/1"}],"replies":[{"embeddable":true,"href":"http:\/\/www.buettcher.de\/index.php?rest_route=%2Fwp%2Fv2%2Fcomments&post=53"}],"version-history":[{"count":2,"href":"http:\/\/www.buettcher.de\/index.php?rest_route=\/wp\/v2\/pages\/53\/revisions"}],"predecessor-version":[{"id":304,"href":"http:\/\/www.buettcher.de\/index.php?rest_route=\/wp\/v2\/pages\/53\/revisions\/304"}],"wp:attachment":[{"href":"http:\/\/www.buettcher.de\/index.php?rest_route=%2Fwp%2Fv2%2Fmedia&parent=53"}],"curies":[{"name":"wp","href":"https:\/\/api.w.org\/{rel}","templated":true}]}}