{"id":64,"date":"2013-02-13T16:38:40","date_gmt":"2013-02-13T14:38:40","guid":{"rendered":"http:\/\/www.buettcher.de\/wp\/?page_id=64"},"modified":"2013-02-16T19:54:40","modified_gmt":"2013-02-16T17:54:40","slug":"pravention","status":"publish","type":"page","link":"http:\/\/www.buettcher.de\/?page_id=64","title":{"rendered":"Pr\u00e4vention"},"content":{"rendered":"<p>In der Pr\u00e4vention wird die Physiotherapie angewendet, um die Ursachen f\u00fcr das Entstehen von Erkrankungen zu bek\u00e4mpfen und so die Gesundheit zu f\u00f6rdern. Diese vorbeugenden Ma\u00dfnahmen k\u00f6nnen Patienten in Einzel- und Gruppentherapien eigenverantwortlich in Anspruch nehmen. Viele Angebote werden von den gesetzlichen Krankenkassen finanziell unterst\u00fctzt.<\/p>\n","protected":false},"excerpt":{"rendered":"<p>In der Pr\u00e4vention wird die Physiotherapie angewendet, um die Ursachen f\u00fcr das Entstehen von Erkrankungen zu bek\u00e4mpfen und so die Gesundheit zu f\u00f6rdern. Diese vorbeugenden Ma\u00dfnahmen k\u00f6nnen Patienten in Einzel- und Gruppentherapien eigenverantwortlich in Anspruch nehmen. Viele Angebote werden von den gesetzlichen Krankenkassen finanziell unterst\u00fctzt.<\/p>\n","protected":false},"author":1,"featured_media":0,"parent":0,"menu_order":0,"comment_status":"closed","ping_status":"closed","template":"","meta":[],"_links":{"self":[{"href":"http:\/\/www.buettcher.de\/index.php?rest_route=\/wp\/v2\/pages\/64"}],"collection":[{"href":"http:\/\/www.buettcher.de\/index.php?rest_route=\/wp\/v2\/pages"}],"about":[{"href":"http:\/\/www.buettcher.de\/index.php?rest_route=\/wp\/v2\/types\/page"}],"author":[{"embeddable":true,"href":"http:\/\/www.buettcher.de\/index.php?rest_route=\/wp\/v2\/users\/1"}],"replies":[{"embeddable":true,"href":"http:\/\/www.buettcher.de\/index.php?rest_route=%2Fwp%2Fv2%2Fcomments&post=64"}],"version-history":[{"count":4,"href":"http:\/\/www.buettcher.de\/index.php?rest_route=\/wp\/v2\/pages\/64\/revisions"}],"predecessor-version":[{"id":373,"href":"http:\/\/www.buettcher.de\/index.php?rest_route=\/wp\/v2\/pages\/64\/revisions\/373"}],"wp:attachment":[{"href":"http:\/\/www.buettcher.de\/index.php?rest_route=%2Fwp%2Fv2%2Fmedia&parent=64"}],"curies":[{"name":"wp","href":"https:\/\/api.w.org\/{rel}","templated":true}]}}