{"id":66,"date":"2013-02-13T16:38:19","date_gmt":"2013-02-13T14:38:19","guid":{"rendered":"http:\/\/www.buettcher.de\/wp\/?page_id=66"},"modified":"2013-02-13T16:38:19","modified_gmt":"2013-02-13T14:38:19","slug":"gewichtsreduktion","status":"publish","type":"page","link":"http:\/\/www.buettcher.de\/?page_id=66","title":{"rendered":"Gewichtsreduktion"},"content":{"rendered":"<div id=\"c239\">\n<h2>Abnehmen &#8211; Nachhaltig und auf gesunde Weise<\/h2>\n<p>Wussten Sie, dass Di\u00e4ten falsch sind? Der Jojo-Effekt ist vorprogrammiert. Um effektiv Gewicht zu verlieren und die neue Figur lange zu behalten, ist eine \u00c4nderung des Lebenswandels unumg\u00e4nglich. Sie m\u00fcssen sich aber nicht qu\u00e4len und auf nichts verzichten! Mit regelm\u00e4\u00dfiger Bewegung und einer Anpassung Ihrer Ern\u00e4hrungsgewohnheiten sichern Sie sich nicht nur eine verbesserte Figur, sondern ganz allgemein mehr Gesundheit und ein l\u00e4ngeres Leben!<\/p>\n<p>Ihren Fortschritt beim Abnehmen k\u00f6nnen wir dann mit unserer K\u00f6rperanalyse ermitteln und ggf. verbessern.<\/p>\n<p>&nbsp;<\/p>\n<\/div>\n","protected":false},"excerpt":{"rendered":"<p>Abnehmen &#8211; Nachhaltig und auf gesunde Weise Wussten Sie, dass Di\u00e4ten falsch sind? Der Jojo-Effekt ist vorprogrammiert. Um effektiv Gewicht zu verlieren und die neue Figur lange zu behalten, ist eine \u00c4nderung des Lebenswandels unumg\u00e4nglich. Sie m\u00fcssen sich aber nicht qu\u00e4len und auf nichts verzichten! Mit regelm\u00e4\u00dfiger Bewegung und einer Anpassung Ihrer Ern\u00e4hrungsgewohnheiten sichern Sie [&hellip;]<\/p>\n","protected":false},"author":1,"featured_media":0,"parent":0,"menu_order":0,"comment_status":"closed","ping_status":"closed","template":"","meta":[],"_links":{"self":[{"href":"http:\/\/www.buettcher.de\/index.php?rest_route=\/wp\/v2\/pages\/66"}],"collection":[{"href":"http:\/\/www.buettcher.de\/index.php?rest_route=\/wp\/v2\/pages"}],"about":[{"href":"http:\/\/www.buettcher.de\/index.php?rest_route=\/wp\/v2\/types\/page"}],"author":[{"embeddable":true,"href":"http:\/\/www.buettcher.de\/index.php?rest_route=\/wp\/v2\/users\/1"}],"replies":[{"embeddable":true,"href":"http:\/\/www.buettcher.de\/index.php?rest_route=%2Fwp%2Fv2%2Fcomments&post=66"}],"version-history":[{"count":6,"href":"http:\/\/www.buettcher.de\/index.php?rest_route=\/wp\/v2\/pages\/66\/revisions"}],"predecessor-version":[{"id":281,"href":"http:\/\/www.buettcher.de\/index.php?rest_route=\/wp\/v2\/pages\/66\/revisions\/281"}],"wp:attachment":[{"href":"http:\/\/www.buettcher.de\/index.php?rest_route=%2Fwp%2Fv2%2Fmedia&parent=66"}],"curies":[{"name":"wp","href":"https:\/\/api.w.org\/{rel}","templated":true}]}}