{"id":72,"date":"2013-02-13T16:38:41","date_gmt":"2013-02-13T14:38:41","guid":{"rendered":"http:\/\/www.buettcher.de\/wp\/?page_id=72"},"modified":"2013-02-13T16:38:41","modified_gmt":"2013-02-13T14:38:41","slug":"wellness-aromaol-massage","status":"publish","type":"page","link":"http:\/\/www.buettcher.de\/?page_id=72","title":{"rendered":"Wellness \/ Aroma\u00f6l &#8211; Massage"},"content":{"rendered":"<h3>Die wohl sch\u00f6nste Form, \u00e4therische \u00d6le zu genie\u00dfen!<\/h3>\n<address>Seit mindestens 5000 Jahren ist der Gebrauch von \u00e4therischen \u00d6len als Heil- und Duftstoff bekannt. Schon die \u00c4gypter nutzten die Aromen zur Wundheilung, gegen Entz\u00fcndungen und zur St\u00e4rkung der Vitalit\u00e4t und Lebensfreude.<br \/>\nDie Anwendung hochwirksamer \u00d6le und Apr\u00e9s-Fluids haben je nach Essenz belebende, beruhigende, ausgleichende oder heilungsf\u00f6rdernde Wirkung.<br \/>\nVergessen Sie den Alltag und tauchen Sie ein in die Welt der D\u00fcfte!<\/address>\n","protected":false},"excerpt":{"rendered":"<p>Die wohl sch\u00f6nste Form, \u00e4therische \u00d6le zu genie\u00dfen! Seit mindestens 5000 Jahren ist der Gebrauch von \u00e4therischen \u00d6len als Heil- und Duftstoff bekannt. Schon die \u00c4gypter nutzten die Aromen zur Wundheilung, gegen Entz\u00fcndungen und zur St\u00e4rkung der Vitalit\u00e4t und Lebensfreude. Die Anwendung hochwirksamer \u00d6le und Apr\u00e9s-Fluids haben je nach Essenz belebende, beruhigende, ausgleichende oder heilungsf\u00f6rdernde [&hellip;]<\/p>\n","protected":false},"author":1,"featured_media":0,"parent":0,"menu_order":0,"comment_status":"closed","ping_status":"closed","template":"","meta":[],"_links":{"self":[{"href":"http:\/\/www.buettcher.de\/index.php?rest_route=\/wp\/v2\/pages\/72"}],"collection":[{"href":"http:\/\/www.buettcher.de\/index.php?rest_route=\/wp\/v2\/pages"}],"about":[{"href":"http:\/\/www.buettcher.de\/index.php?rest_route=\/wp\/v2\/types\/page"}],"author":[{"embeddable":true,"href":"http:\/\/www.buettcher.de\/index.php?rest_route=\/wp\/v2\/users\/1"}],"replies":[{"embeddable":true,"href":"http:\/\/www.buettcher.de\/index.php?rest_route=%2Fwp%2Fv2%2Fcomments&post=72"}],"version-history":[{"count":2,"href":"http:\/\/www.buettcher.de\/index.php?rest_route=\/wp\/v2\/pages\/72\/revisions"}],"predecessor-version":[{"id":308,"href":"http:\/\/www.buettcher.de\/index.php?rest_route=\/wp\/v2\/pages\/72\/revisions\/308"}],"wp:attachment":[{"href":"http:\/\/www.buettcher.de\/index.php?rest_route=%2Fwp%2Fv2%2Fmedia&parent=72"}],"curies":[{"name":"wp","href":"https:\/\/api.w.org\/{rel}","templated":true}]}}