{"id":76,"date":"2013-02-13T16:38:41","date_gmt":"2013-02-13T14:38:41","guid":{"rendered":"http:\/\/www.buettcher.de\/wp\/?page_id=76"},"modified":"2013-02-13T16:38:41","modified_gmt":"2013-02-13T14:38:41","slug":"wellness-massagen","status":"publish","type":"page","link":"http:\/\/www.buettcher.de\/?page_id=76","title":{"rendered":"Wellness Massagen"},"content":{"rendered":"<h1>Massagen<\/h1>\n<h2>Entspannend und heilend zugleich<\/h2>\n<p>Massagen sind die wohl beliebtesten Anwendungen, die es im Wellnessbereich gibt. Sie sind vielseitig einsetzbar und k\u00f6nnen Muskelverspannungen, Stress und R\u00fcckenschmerzen lindern. Oftmals werden sie in ihrer Wirkkraft untersch\u00e4tzt, denn die richtige Massage kann noch vieles dar\u00fcber hinaus bewirken. Die sanften Ber\u00fchrungen auf der Haut tun gut und erh\u00f6hen den Wohlf\u00fchlfaktor.<\/p>\n","protected":false},"excerpt":{"rendered":"<p>Massagen Entspannend und heilend zugleich Massagen sind die wohl beliebtesten Anwendungen, die es im Wellnessbereich gibt. Sie sind vielseitig einsetzbar und k\u00f6nnen Muskelverspannungen, Stress und R\u00fcckenschmerzen lindern. Oftmals werden sie in ihrer Wirkkraft untersch\u00e4tzt, denn die richtige Massage kann noch vieles dar\u00fcber hinaus bewirken. Die sanften Ber\u00fchrungen auf der Haut tun gut und erh\u00f6hen den [&hellip;]<\/p>\n","protected":false},"author":1,"featured_media":0,"parent":0,"menu_order":0,"comment_status":"closed","ping_status":"closed","template":"","meta":[],"_links":{"self":[{"href":"http:\/\/www.buettcher.de\/index.php?rest_route=\/wp\/v2\/pages\/76"}],"collection":[{"href":"http:\/\/www.buettcher.de\/index.php?rest_route=\/wp\/v2\/pages"}],"about":[{"href":"http:\/\/www.buettcher.de\/index.php?rest_route=\/wp\/v2\/types\/page"}],"author":[{"embeddable":true,"href":"http:\/\/www.buettcher.de\/index.php?rest_route=\/wp\/v2\/users\/1"}],"replies":[{"embeddable":true,"href":"http:\/\/www.buettcher.de\/index.php?rest_route=%2Fwp%2Fv2%2Fcomments&post=76"}],"version-history":[{"count":2,"href":"http:\/\/www.buettcher.de\/index.php?rest_route=\/wp\/v2\/pages\/76\/revisions"}],"predecessor-version":[{"id":309,"href":"http:\/\/www.buettcher.de\/index.php?rest_route=\/wp\/v2\/pages\/76\/revisions\/309"}],"wp:attachment":[{"href":"http:\/\/www.buettcher.de\/index.php?rest_route=%2Fwp%2Fv2%2Fmedia&parent=76"}],"curies":[{"name":"wp","href":"https:\/\/api.w.org\/{rel}","templated":true}]}}